{"id":62,"date":"2015-05-23T02:45:59","date_gmt":"2015-05-23T02:45:59","guid":{"rendered":"http:\/\/84.50.88.4\/?page_id=62"},"modified":"2025-12-23T11:47:06","modified_gmt":"2025-12-23T09:47:06","slug":"kontakt","status":"publish","type":"page","link":"https:\/\/maardurk.ee\/ru\/kontakt\/","title":{"rendered":"Kontakt"},"content":{"rendered":"<p><span style=\"color: #ff0000;\"><strong>NB! Iga kuu viimane raamatukogu t\u00f6\u00f6p\u00e4ev on korrastusp\u00e4ev. Oleme suletud.<\/strong><\/span><\/p>\n<p><strong>NB! Maardu Linna Raamatukogu hoones puudub ligip\u00e4\u00e4s ratastooliga ja lapsevankriga k\u00fclastajatele.<\/strong><\/p>\n<p><strong>Maardu Linna Raamatukogu juures on tasuta 4 parkimiskohta k\u00fclastajatele ning 1 parkimiskoht puudega inimestele.<\/strong><\/p>\n<table style=\"width: 45%;\">\n<tbody>\n<tr>\n<th>Telefonid<\/th>\n<\/tr>\n<tr>\n<td>T\u00e4iskasv. osakond<\/td>\n<td>6060855<\/td>\n<\/tr>\n<tr>\n<td>Laste osakond<\/td>\n<td>6060883<\/td>\n<\/tr>\n<tr>\n<td>Direktor<\/td>\n<td>6060830<\/td>\n<\/tr>\n<tr>\n<td>Internetipunkt<\/td>\n<td>6060882,6060855<\/td>\n<\/tr>\n<\/tbody>\n<\/table>\n<p>E-mail:<a href=\"mailto:maardulinnaraamatukogu@maardurk.ee\">maardulinnaraamatukogu@maardurk.ee<\/a><br \/>\nOrumetsa 8 74111 Maardu<br \/>\nReg. nr. 75011955<br \/>\n<iframe loading=\"lazy\" style=\"border: 0px currentColor;\" src=\"https:\/\/www.google.com\/maps\/embed?pb=!1m18!1m12!1m3!1d2026.2364836856788!2d25.016124!3d59.479154!2m3!1f0!2f0!3f0!3m2!1i1024!2i768!4f13.1!3m3!1m2!1s0x4692edf80a75fbc9%3A0x54430a23a6f1d350!2sMaardu+Linna+Raamatukogu!5e0!3m2!1set!2sse!4v1432812955675\" width=\"800\" height=\"300\" frameborder=\"0\"><\/iframe><br \/>\n<strong><br \/>\n<del><\/del><\/strong><\/p>\n","protected":false},"excerpt":{"rendered":"<p>NB! Iga kuu viimane raamatukogu t\u00f6\u00f6p\u00e4ev on korrastusp\u00e4ev. Oleme suletud. NB! Maardu Linna Raamatukogu hoones puudub ligip\u00e4\u00e4s ratastooliga ja lapsevankriga k\u00fclastajatele. Maardu Linna Raamatukogu juures on tasuta 4 parkimiskohta k\u00fclastajatele ning 1 parkimiskoht puudega inimestele. Telefonid T\u00e4iskasv. osakond 6060855 Laste osakond 6060883 Direktor 6060830 Internetipunkt 6060882,6060855 E-mail:maardulinnaraamatukogu@maardurk.ee Orumetsa 8 74111 Maardu Reg. nr. 75011955<\/p>\n","protected":false},"author":1,"featured_media":0,"parent":0,"menu_order":0,"comment_status":"open","ping_status":"open","template":"","meta":{"footnotes":""},"translation":{"provider":"WPGlobus","version":"3.0.0","language":"ru","enabled_languages":["et","ru"],"languages":{"et":{"title":true,"content":true,"excerpt":false},"ru":{"title":false,"content":false,"excerpt":false}}},"_links":{"self":[{"href":"https:\/\/maardurk.ee\/ru\/wp-json\/wp\/v2\/pages\/62"}],"collection":[{"href":"https:\/\/maardurk.ee\/ru\/wp-json\/wp\/v2\/pages"}],"about":[{"href":"https:\/\/maardurk.ee\/ru\/wp-json\/wp\/v2\/types\/page"}],"author":[{"embeddable":true,"href":"https:\/\/maardurk.ee\/ru\/wp-json\/wp\/v2\/users\/1"}],"replies":[{"embeddable":true,"href":"https:\/\/maardurk.ee\/ru\/wp-json\/wp\/v2\/comments?post=62"}],"version-history":[{"count":25,"href":"https:\/\/maardurk.ee\/ru\/wp-json\/wp\/v2\/pages\/62\/revisions"}],"predecessor-version":[{"id":4089,"href":"https:\/\/maardurk.ee\/ru\/wp-json\/wp\/v2\/pages\/62\/revisions\/4089"}],"wp:attachment":[{"href":"https:\/\/maardurk.ee\/ru\/wp-json\/wp\/v2\/media?parent=62"}],"curies":[{"name":"wp","href":"https:\/\/api.w.org\/{rel}","templated":true}]}}