{"id":55,"date":"2015-05-23T02:27:33","date_gmt":"2015-05-23T02:27:33","guid":{"rendered":"http:\/\/84.50.88.4\/?page_id=55"},"modified":"2026-02-05T15:00:25","modified_gmt":"2026-02-05T13:00:25","slug":"perioodika","status":"publish","type":"page","link":"https:\/\/maardurk.ee\/ru\/perioodika\/","title":{"rendered":"\u041f\u0435\u0440\u0438\u043e\u0434\u0438\u0447\u0435\u0441\u043a\u0438\u0435 \u0438\u0437\u0434\u0430\u043d\u0438\u044f"},"content":{"rendered":"<h1 class=\"title\">\u00a0Ajakirjad eesti keeles<\/h1>\n<ul>\n<li>KODUKIRI<\/li>\n<li>T\u00c4HEKE<\/li>\n<li>EESTI NAINE<\/li>\n<li>HEA LAPS<\/li>\n<li>KODUTOHTER<\/li>\n<li>KROONIKA<\/li>\n<li>ANNE &amp; STIIL<\/li>\n<li>TEATER. MUUSIKA. KINO<\/li>\n<li>MAAKODU<\/li>\n<li>K\u00c4SIT\u00d6\u00d6<\/li>\n<li>KODU&amp;AED<\/li>\n<li>MUUSIKA<\/li>\n<li>MIKI HIIR<\/li>\n<li>OMA MAITSE<\/li>\n<li>MINU LAPS<\/li>\n<\/ul>\n<h1 class=\"title\">\u00a0Ajalehed eesti keeles<\/h1>\n<ul>\n<li>\u00a0EESTI EKSPRESS + LISAD<\/li>\n<li>POSTIMEES<\/li>\n<li>\u00d5HTULEHT<\/li>\n<li>MAALEHT<\/li>\n<li>60+<\/li>\n<li>MAARDU PANORAAM<\/li>\n<\/ul>\n<h1 class=\"title\">\u00a0Ajakirjad vene keeles<\/h1>\n<ul>\n<li>\u0417\u0410\u0413\u0410\u0414\u041a\u0418 \u0418 \u0424\u0410\u041a\u0422\u042b<\/li>\n<li>\u0421\u0415\u041c\u0415\u0420\u041e \u0421 \u041b\u041e\u0416\u041a\u041e\u0419<\/li>\n<li>\u041d\u0415\u041f\u041e\u0421\u0415\u0414\u0410<\/li>\n<li>\u0410\u0417\u0411\u0423\u041a\u0410 \u0417\u0414\u041e\u0420\u041e\u0412\u042c\u042f<\/li>\n<li>\u042d\u041b\u0418\u041a\u0421\u0418\u0420 \u0417\u0414\u041e\u0420\u041e\u0412\u042c\u042f<\/li>\n<li>L&#8217;OFFICIEL BALTIC<\/li>\n<li>\u041c\u0418\u0421\u0422\u0418\u041a\u0410 \u0422\u0410\u0419\u041d\u042b\u0415 \u0421\u0418\u041b\u042b<\/li>\n<li>\u041e\u0414\u041d\u0410\u041a\u041e, \u0416\u0418\u0417\u041d\u042c!<\/li>\n<li>\u041b\u0418\u041b\u0418\u0422<\/li>\n<li>\u0423\u041c\u041d\u0418\u0427\u041a\u0410<\/li>\n<\/ul>\n<h1 class=\"title\">Ajalehed vene keeles<\/h1>\n<ul>\n<li>\u041c\u041a \u042d\u0421\u0422\u041e\u041d\u0418\u042f<\/li>\n<li>AIF \u0415\u0412\u0420\u041e\u041f\u0410<\/li>\n<li>\u042d\u0421\u0422\u041e\u041d\u0421\u041a\u0418\u0419 \u042d\u041a\u0421\u041f\u0420\u0415\u0421\u0421<\/li>\n<li>\u0425\u041e\u0420\u041e\u0428\u0415\u0415 \u0427\u0422\u0418\u0412\u041e<\/li>\n<\/ul>\n<h1>Ajakirjad saksa keeles<\/h1>\n<ul>\n<li>ANNA<\/li>\n<\/ul>\n<h1>Ajakirjad inglise keeles<\/h1>\n<ul>\n<li>BURDA STYLE<\/li>\n<li>N\u00c4HTRENDS<\/li>\n<\/ul>\n<h3><strong>Harjumaa perioodikav\u00e4ljaandeid Eesti Rahvusraamatukogu digitaalses arhiivis <\/strong><strong><a href=\"http:\/\/www.digar.ee\/\">DIGAR<\/a>.<\/strong><\/h3>\n<h3><strong>Maardu Panoraam saab lugeda <a href=\"http:\/\/maardu.kovtp.ee\/linna-ajaleht\">siit<\/a>.<\/strong><\/h3>\n","protected":false},"excerpt":{"rendered":"<p>\u00a0Ajakirjad eesti keeles KODUKIRI T\u00c4HEKE EESTI NAINE HEA LAPS KODUTOHTER KROONIKA ANNE &amp; STIIL TEATER. MUUSIKA. KINO MAAKODU K\u00c4SIT\u00d6\u00d6 KODU&amp;AED MUUSIKA MIKI HIIR OMA MAITSE MINU LAPS \u00a0Ajalehed eesti keeles \u00a0EESTI EKSPRESS + LISAD POSTIMEES \u00d5HTULEHT MAALEHT 60+ MAARDU PANORAAM \u00a0Ajakirjad vene keeles \u0417\u0410\u0413\u0410\u0414\u041a\u0418 \u0418 \u0424\u0410\u041a\u0422\u042b \u0421\u0415\u041c\u0415\u0420\u041e \u0421 \u041b\u041e\u0416\u041a\u041e\u0419 \u041d\u0415\u041f\u041e\u0421\u0415\u0414\u0410 \u0410\u0417\u0411\u0423\u041a\u0410 \u0417\u0414\u041e\u0420\u041e\u0412\u042c\u042f \u042d\u041b\u0418\u041a\u0421\u0418\u0420 \u0417\u0414\u041e\u0420\u041e\u0412\u042c\u042f L&#8217;OFFICIEL [&hellip;]<\/p>\n","protected":false},"author":1,"featured_media":0,"parent":0,"menu_order":0,"comment_status":"open","ping_status":"open","template":"","meta":{"footnotes":""},"translation":{"provider":"WPGlobus","version":"3.0.0","language":"ru","enabled_languages":["et","ru"],"languages":{"et":{"title":true,"content":true,"excerpt":false},"ru":{"title":true,"content":true,"excerpt":false}}},"_links":{"self":[{"href":"https:\/\/maardurk.ee\/ru\/wp-json\/wp\/v2\/pages\/55"}],"collection":[{"href":"https:\/\/maardurk.ee\/ru\/wp-json\/wp\/v2\/pages"}],"about":[{"href":"https:\/\/maardurk.ee\/ru\/wp-json\/wp\/v2\/types\/page"}],"author":[{"embeddable":true,"href":"https:\/\/maardurk.ee\/ru\/wp-json\/wp\/v2\/users\/1"}],"replies":[{"embeddable":true,"href":"https:\/\/maardurk.ee\/ru\/wp-json\/wp\/v2\/comments?post=55"}],"version-history":[{"count":22,"href":"https:\/\/maardurk.ee\/ru\/wp-json\/wp\/v2\/pages\/55\/revisions"}],"predecessor-version":[{"id":4173,"href":"https:\/\/maardurk.ee\/ru\/wp-json\/wp\/v2\/pages\/55\/revisions\/4173"}],"wp:attachment":[{"href":"https:\/\/maardurk.ee\/ru\/wp-json\/wp\/v2\/media?parent=55"}],"curies":[{"name":"wp","href":"https:\/\/api.w.org\/{rel}","templated":true}]}}