{"id":35,"date":"2015-05-23T01:58:37","date_gmt":"2015-05-23T01:58:37","guid":{"rendered":"http:\/\/84.50.88.4\/?page_id=35"},"modified":"2016-03-17T13:00:22","modified_gmt":"2016-03-17T11:00:22","slug":"pohimaarus","status":"publish","type":"page","link":"https:\/\/maardurk.ee\/ru\/pohimaarus\/","title":{"rendered":"P\u00f5him\u00e4\u00e4rus"},"content":{"rendered":"<div align=\"right\">KINNITATUD<br \/>\nMaardu Linnavolikogu<br \/>\n26.06.2007<\/div>\n<div align=\"right\"><strong>Redaktsioon<\/strong><br \/>\nm\u00e4\u00e4rusega nr. 138<\/div>\n<div align=\"right\">Maardu LV korraldus 16.04.14 nr. 159<\/div>\n<div align=\"right\">j\u00f5ustub 01.05.14.<\/div>\n<p><strong> \u00a7 1. \u00dclds\u00e4tted<\/strong><\/p>\n<ol>\n<li>Maardu Linna Raamatukogu (edaspidi &#8220;raamatukogu&#8221;) on Maardu linna munitsipaalraamatukogu, mille eesm\u00e4rgiks on tagada elanike vaba ja piiramatu juurdep\u00e4\u00e4s informatsioonile, teadmistele, inimm\u00f5tte saavutustele ning kultuurile, toetada elukestvat \u00f5ppimist ja rahuldada ning arendada elanike kultuuri-, hariduse-, teabe- ja meelelahutuse vajadusi, toetada \u00f5ppimist ja eneset\u00e4iendamist.<\/li>\n<li>Raamatukogu on Maardu Linnavalitsuse hallatav asutus, mille asutamise, \u00fcmberkujundamise ja tegevuse l\u00f5petamise otsustab seadustes s\u00e4testatud korras Maardu Linnavolikogu.<\/li>\n<li>Raamatukogu juhindub oma tegevuses Rahvaraamatukogu seadusest (RT 1998, 103,1696; 2000, 92, 597; 2004, 97, 1529; 2007,19,93 ), Maardu linna \u00f5igusaktidest, UNESCO rahvaraamatukogude manifestist ja k\u00e4esolevast p\u00f5him\u00e4\u00e4rusest.<\/li>\n<li>Raamatukogu postiaadress: Orumetsa 8, Maardu 74111, Harju maakond.<\/li>\n<li>Raamatukogul on oma nimega pitsat.<\/li>\n<li>Raamatukogu struktuuri ja koosseisu kinnitab Maardu Linnavalitsus.<\/li>\n<li>Raamatukogu teeninduse korraldus, lugejate \u00f5igused ja kohustused kehtestatakse raamatukogu kasutamise eeskirjades, milIe kinnitab Maardu Linnavolikogu.<\/li>\n<\/ol>\n<p><strong>\u00a7 2. Raamatukogu \u00fclesanded<\/strong><\/p>\n<ol>\n<li>P\u00f5hi\u00fclesanne on lugejate teenindamine.<\/li>\n<li>Raamatukogu \u00fclesandeks on lugejale vajalike tr\u00fckiste, auviste ja teiste teavikute (edaspidi teavikute) kogumine, hoidmine, bibliografeerimine, k\u00e4ttesaadavaks tegemine ning avalike andmepankade kasutamise v\u00f5imaldamine.<\/li>\n<li>Tegevuse eesm\u00e4rkide t\u00e4itmiseks raamatukogu:\n<ol>\n<li>osutab p\u00f5hiteenuseid (kohapeal kasutamine ja kojulaenutus Maardu linna elanikele ning teistele soovijatele vastavalt rahvaraamatukogu seadusele, teistele \u00f5igusaktidele ja raamatukogu kasutamise eeskirjadele);<\/li>\n<li>osaleb Maardu linna arengukava v\u00e4ljat\u00f6\u00f6tamises ja kultuurielu koordineerimises;<\/li>\n<li>komplekteerib, t\u00f6\u00f6tleb, s\u00e4ilitab oma kogud ja koostab kataloogid;<\/li>\n<li>korraldab n\u00e4itusi ja muid \u00fcritusi;<\/li>\n<li>viib l\u00e4bi teatme-bibliograafilist t\u00f6\u00f6d;<\/li>\n<li>peab kodulookirjanduse andmebaasi;<\/li>\n<li>korraldab t\u00f6\u00f6 arvestust, aruandlust ja anal\u00fc\u00fcsi;<\/li>\n<li>korraldab raamatukogu t\u00f6\u00f6tajate t\u00e4ienduskoolitust.<\/li>\n<\/ol>\n<\/li>\n<\/ol>\n<p><strong>\u00a7 3. Raamatukogu teenindus<\/strong><\/p>\n<ol>\n<li>Raamatukogu teenuseid v\u00f5ivad kasutada k\u00f5ik juriidilised ja f\u00fc\u00fcsilised isikud.<\/li>\n<li>Raamatukogus olevate teavikute kasutamine on tasuta.<\/li>\n<li>Lugejatelt, kelle alaliseks elukohaks ei ole Maardu linn, v\u00f5ib v\u00f5tta teavikute kojulaenutamisel tagatist. Tagatissumma ei tohi olla suurem teavikute hinnast. Tagatissumma maksmise korra kehtestab Maardu Linnavalitsus m\u00e4\u00e4rusega raamatukogu direktori ettepanekul .<\/li>\n<li>Raamatukogu poolt osutatavad eriteenused ( kopeerimine, helisalvestused, tr\u00fckimine, skanneerimine) v\u00f5ivad olla tasulised. Eriteenuste hinnad kinnitab Maardu Linnavalitsus m\u00e4\u00e4rusega raamatukogu direktori ettepanekul.<\/li>\n<li>Teaviku puudumisel tellitakse see lugeja soovil kultuuriministri m\u00e4\u00e4rusega kehtestatud korras raamatukogudevahelise laenutuse kaudu .<\/li>\n<\/ol>\n<p><strong> \u00a7 4. Lugeja ja tema vastutus<\/strong><\/p>\n<ol>\n<li>Raamatukogu teenuseid v\u00f5ib kasutada iga\u00fcks, v\u00e4lja arvatud isik, kellelt on vastavalt rahvaraamatukogu seaduse \u00a7 17 l\u00f5ike 3 alusel v\u00f5etud \u00e4ra rahvaraamatukogu kasutamise \u00f5igus.<\/li>\n<li>Lugeja \u00f5igused ja kohustused fikseeritakse raamatukogu kasutamise eeskirjas, mis tehakse teatavaks k\u00f5ikidele lugejatele.<\/li>\n<\/ol>\n<p><strong> \u00a7 5. Raamatukogu kogud <\/strong><\/p>\n<ol>\n<li>Raamatukogu kogud on koostiselt universaalsed, sisaldades teeninduspiirkonna elanike p\u00f5hivajadustele vastavaid erinevates keeltes, eri t\u00fc\u00fcpi ja laadi teavikuid.<\/li>\n<li>Raamatukogu kogude komplekteerimine, \u00fcle andmine, hoidmine ja s\u00e4ilitamine toimub vastavalt rahvaraamatukogu seadusele ja teistele \u00f5igusaktidele.<\/li>\n<\/ol>\n<p><strong> \u00a7 6. Raamatukogu juhtimine ja t\u00f6\u00f6tajad <\/strong><\/p>\n<ol>\n<li>Raamatukogu t\u00f6\u00f6d juhib direktor, kelle kinnitab ametisse Maardu Linnavalitsus linnapea ettepanekul. T\u00f6\u00f6lepingu Maardu linna nimel s\u00f5lmib, peatab, muudab ning l\u00f5petab seaduses s\u00e4testatud korras, aga samuti kuulutab v\u00e4lja konkursi direktori vaba ametikoha t\u00e4itmiseks Maardu linnapea v\u00f5i tema poolt volitatud Maardu Linnavalitsuse liige.<\/li>\n<li>Direktor:\n<ol>\n<li>on oma t\u00f6\u00f6lepingu kehtivuse ajal raamatukogu seadusj\u00e4rgne esindaja ilma erivolitusteta ja omab t\u00f6\u00f6andja \u00f5igusi;<\/li>\n<li>vastutab raamatukogu tegevuse ja \u00fcldise arengu eest;<\/li>\n<li>loob k\u00f5igile elanikele raamatukogu kasutamise v\u00f5imaluse;<\/li>\n<li>juhib raamatukogu majandus- ja finantstegevust;<\/li>\n<li>koostab raamatukogu eelarve projekti ja esitab selle Maardu Linnavalitsusele ning vastutab eelarve t\u00e4itmise eest;<\/li>\n<li>kujundab ja tutvustab raamatukogu kogusid ning tagab kogude k\u00e4ttesaadavuse;<\/li>\n<li>koostab raamatukogu p\u00f5him\u00e4\u00e4ruse ja esitab selle kinnitamiseks Maardu Linnavolikogule;<\/li>\n<li>vastutab Maardu Linnavolikogu poolt kehtestatud korras raamatukogu vara s\u00e4ilimise ja sihtotstarbelise kasutamise eest;<\/li>\n<li>koostab raamatukogu t\u00f6\u00f6sisekorra eeskirja ning esitab selle kinnitamiseks Maardu Linnavalitsusele;<\/li>\n<li>tagab raamatukogu t\u00f6\u00f6tajatele ohutud t\u00f6\u00f6tingimused, tutvustab t\u00f6\u00f6tajatele t\u00f6\u00f6le v\u00f5tmisel, samuti t\u00f6\u00f6tamise ajal t\u00f6\u00f6sisekorra, t\u00f6\u00f6ohutuse ja tuleohutuse n\u00f5udeid;<\/li>\n<li>s\u00f5lmib, peatab, muudab ja l\u00f5petab t\u00f6\u00f6lepingud raamatukogu t\u00f6\u00f6tajatega;<\/li>\n<li>ergutab ja karistab t\u00f6\u00f6tajaid;<\/li>\n<li>kutsub kokku n\u00f5upidamisi ja koosolekuid;<\/li>\n<li>annab raamatukogu sisemise t\u00f6\u00f6 korraldamiseks k\u00e4skkirju;<\/li>\n<li>vastutab raamatukogu asjaajamise korraldamise ja dokumentide n\u00f5uetekohase arhiveerimise korraldamise eest;<\/li>\n<li>loob tingimused t\u00f6\u00f6ks ning jaotab \u00fclesanded t\u00f6\u00f6tajate vahel;<\/li>\n<li>teeb Maardu Linnavalitsusele ettepanekuid raamatukogu t\u00f6\u00f6 paremaks korraldamiseks;<\/li>\n<li>on aruandekohustuslik Maardu Linnavalitsuse ja Maardu Linnavolikogu ees.<\/li>\n<\/ol>\n<\/li>\n<li>Raamatukogu t\u00f6\u00f6tajateks on raamatukoguhoidja-bibliograafid ja teised t\u00f6\u00f6tajad.<\/li>\n<li>Raamatukoguhoidja-bibliograaf peab vastama kultuuriministri poolt kehtestatud kutsen\u00f5uetele.<\/li>\n<\/ol>\n<p><strong> \u00a7 7. Raamatukogu vara ja finantseerimine <\/strong><\/p>\n<ol>\n<li>Raamatukogu finantseeritakse Maardu linna eelarvest vastavalt rahvaraamatukogu seaduses s\u00e4testatule.<\/li>\n<li>Raamatukogu eelarve tuludeks on ka laekumised riigieelarvest, juriidiliste ja f\u00fc\u00fcsiliste isikute annetustest ja raamatukogu p\u00f5hitegevusega seotud tasulistest teenustest.<\/li>\n<li>Raamatukogu vara valdamine, kasutamine ja k\u00e4sutamine toimub vastavalt Maardu linnavara valitsemise korrale.<\/li>\n<\/ol>\n<p><strong> \u00a7 8. Arvestus, aruandlus ja j\u00e4relevalve <\/strong><\/p>\n<ol>\n<li>Raamatukogu raamatupidamise arvestust peetakse \u00f5igusaktidega kehtestatud korras, sealhulgas esitatakse aruanded Kultuuriministeerumile riigieelarvest finantseeritud summade kohta.<\/li>\n<li>J\u00e4relevalvet raamatukogu majandustegevuse, varade ja eelarve kasutamise \u00fcle teostab Maardu Linnavalitsus ja Maardu Linnavolikogu revisjonikomisjon.<\/li>\n<li>J\u00e4relevalvet raamatukogunduse alase tegevuse \u00fcle teostab Kultuuriministeerium.<\/li>\n<li>K\u00f5rvalekalded p\u00f5him\u00e4\u00e4ruse v\u00f5i \u00f5igusaktide t\u00e4itmisel on raamatukogu direktor kohustatud k\u00f5rvaldama j\u00e4relvaleveorgani m\u00e4\u00e4ratud ajaks.<\/li>\n<\/ol>\n<p><strong> \u00a7 9. Raamatukogu \u00fcmberkorraldamine ja tegevuse l\u00f5petamine <\/strong><\/p>\n<ol>\n<li>Raamatukogu \u00fcmberkorraldamise ja tegevuse l\u00f5petamise korraldab Maardu Linnavalitsus v\u00f5i tema poolt volitatud isik Maardu Linnavolikogu otsuse alusel seaduses s\u00e4testatud korras.<\/li>\n<li>Raamatukogu \u00fcmberkorraldamisest v\u00f5i tegevuse l\u00f5petamisest teatab Maardu Linnavalitsus Kultuuriministeeriumile v\u00e4hemalt kuu aega ette.<\/li>\n<\/ol>\n<p><strong> \u00a7 10. P\u00f5him\u00e4\u00e4ruse kinnitamine, t\u00fchistamine ja muutmine <\/strong><\/p>\n<ol>\n<li>K\u00e4esoleva p\u00f5him\u00e4\u00e4ruse kinnitab, t\u00fchistab ja muudab Maardu Linnavolikogu Maardu Linnavalitsuse ettepanekul.<\/li>\n<\/ol>\n","protected":false},"excerpt":{"rendered":"<p>KINNITATUD Maardu Linnavolikogu 26.06.2007 Redaktsioon m\u00e4\u00e4rusega nr. 138 Maardu LV korraldus 16.04.14 nr. 159 j\u00f5ustub 01.05.14. \u00a7 1. \u00dclds\u00e4tted Maardu Linna Raamatukogu (edaspidi &#8220;raamatukogu&#8221;) on Maardu linna munitsipaalraamatukogu, mille eesm\u00e4rgiks on tagada elanike vaba ja piiramatu juurdep\u00e4\u00e4s informatsioonile, teadmistele, inimm\u00f5tte saavutustele ning kultuurile, toetada elukestvat \u00f5ppimist ja rahuldada ning arendada elanike kultuuri-, hariduse-, teabe- ja [&hellip;]<\/p>\n","protected":false},"author":1,"featured_media":0,"parent":0,"menu_order":0,"comment_status":"open","ping_status":"open","template":"","meta":{"footnotes":""},"translation":{"provider":"WPGlobus","version":"3.0.0","language":"ru","enabled_languages":["et","ru"],"languages":{"et":{"title":true,"content":true,"excerpt":false},"ru":{"title":false,"content":false,"excerpt":false}}},"_links":{"self":[{"href":"https:\/\/maardurk.ee\/ru\/wp-json\/wp\/v2\/pages\/35"}],"collection":[{"href":"https:\/\/maardurk.ee\/ru\/wp-json\/wp\/v2\/pages"}],"about":[{"href":"https:\/\/maardurk.ee\/ru\/wp-json\/wp\/v2\/types\/page"}],"author":[{"embeddable":true,"href":"https:\/\/maardurk.ee\/ru\/wp-json\/wp\/v2\/users\/1"}],"replies":[{"embeddable":true,"href":"https:\/\/maardurk.ee\/ru\/wp-json\/wp\/v2\/comments?post=35"}],"version-history":[{"count":4,"href":"https:\/\/maardurk.ee\/ru\/wp-json\/wp\/v2\/pages\/35\/revisions"}],"predecessor-version":[{"id":612,"href":"https:\/\/maardurk.ee\/ru\/wp-json\/wp\/v2\/pages\/35\/revisions\/612"}],"wp:attachment":[{"href":"https:\/\/maardurk.ee\/ru\/wp-json\/wp\/v2\/media?parent=35"}],"curies":[{"name":"wp","href":"https:\/\/api.w.org\/{rel}","templated":true}]}}