{"id":270,"date":"2015-07-18T20:53:31","date_gmt":"2015-07-18T18:53:31","guid":{"rendered":"http:\/\/maardurk.ee\/?page_id=270"},"modified":"2019-05-10T22:43:40","modified_gmt":"2019-05-10T19:43:40","slug":"otsing","status":"publish","type":"page","link":"https:\/\/maardurk.ee\/ru\/otsing\/","title":{"rendered":"\u041f\u043e\u0438\u0441\u043a \u0432 \u0434\u0440\u0443\u0433\u0438\u0445 \u0431\u0430\u0437\u0430\u0445 \u0434\u0430\u043d\u043d\u044b\u0445"},"content":{"rendered":"<p>OTSINGUD TEISTEST ANDMEBAASIDEST<\/p>\n<p><strong><img loading=\"lazy\" decoding=\"async\" class=\"alignright  wp-image-1817\" src=\"http:\/\/maardurk.ee\/wp-content\/uploads\/2019\/01\/ester-logo.png\" alt=\"\" width=\"121\" height=\"43\" srcset=\"https:\/\/maardurk.ee\/wp-content\/uploads\/2019\/01\/ester-logo.png 353w, https:\/\/maardurk.ee\/wp-content\/uploads\/2019\/01\/ester-logo-300x106.png 300w\" sizes=\"(max-width: 121px) 100vw, 121px\" \/>ESTER\u00a0<\/strong>\u2013 Eesti suurimate rahva- ja teadusraamatukogude koondkataloog (Tallinna ja Tartu)<\/p>\n<p><a href=\"https:\/\/www.ester.ee\/search~S1*est\">https:\/\/www.ester.ee\/search~S1*est<\/a><\/p>\n<hr \/>\n<p><strong>RIKS\u00a0<\/strong>\u2013 Saue valla raamatukogude info- ja kataloogis\u00fcsteem<\/p>\n<p><a href=\"https:\/\/saku.webriks.ee\/\">https:\/\/saku.webriks.ee\/<\/a><\/p>\n<hr \/>\n<p><strong>KODULUGU<\/strong>\u00a0\u2013 Eesti rahvaraamatukogude \u00fchine koduloolise info talletamise s\u00fcsteem<\/p>\n<p><a href=\"http:\/\/www.kodulugu.ee\">http:\/\/www.kodulugu.ee<\/a><\/p>\n<hr \/>\n<p><strong><img loading=\"lazy\" decoding=\"async\" class=\"wp-image-1823 alignright\" src=\"http:\/\/maardurk.ee\/wp-content\/uploads\/2019\/01\/erb.png\" alt=\"\" width=\"142\" height=\"65\" \/>ERB<\/strong>\u00a0\u2013 Eesti Rahvusbibliograafia andmebaas<\/p>\n<p><a href=\"http:\/\/erb.nlib.ee\">http:\/\/erb.nlib.ee<\/a><\/p>\n<hr \/>\n<p><strong><img loading=\"lazy\" decoding=\"async\" class=\"alignright  wp-image-1827\" src=\"http:\/\/maardurk.ee\/wp-content\/uploads\/2019\/01\/digar_logo.png\" alt=\"\" width=\"137\" height=\"60\" \/>DIGAR<\/strong>\u00a0\u2013 digitaalarhiiv, mis sisaldab tr\u00fckieelseid faile, v\u00f5rguv\u00e4ljaandeid ja tr\u00fckiste digiteeritud koopiaid<\/p>\n<p><a href=\"http:\/\/www.digar.ee\/arhiiv\">http:\/\/www.digar.ee\/arhiiv<\/a><\/p>\n","protected":false},"excerpt":{"rendered":"<p>OTSINGUD TEISTEST ANDMEBAASIDEST ESTER\u00a0\u2013 Eesti suurimate rahva- ja teadusraamatukogude koondkataloog (Tallinna ja Tartu) https:\/\/www.ester.ee\/search~S1*est RIKS\u00a0\u2013 Saue valla raamatukogude info- ja kataloogis\u00fcsteem https:\/\/saku.webriks.ee\/ KODULUGU\u00a0\u2013 Eesti rahvaraamatukogude \u00fchine koduloolise info talletamise s\u00fcsteem http:\/\/www.kodulugu.ee ERB\u00a0\u2013 Eesti Rahvusbibliograafia andmebaas http:\/\/erb.nlib.ee DIGAR\u00a0\u2013 digitaalarhiiv, mis sisaldab tr\u00fckieelseid faile, v\u00f5rguv\u00e4ljaandeid ja tr\u00fckiste digiteeritud koopiaid http:\/\/www.digar.ee\/arhiiv<\/p>\n","protected":false},"author":1,"featured_media":0,"parent":0,"menu_order":0,"comment_status":"open","ping_status":"open","template":"","meta":{"footnotes":""},"translation":{"provider":"WPGlobus","version":"3.0.0","language":"ru","enabled_languages":["et","ru"],"languages":{"et":{"title":true,"content":true,"excerpt":false},"ru":{"title":true,"content":false,"excerpt":false}}},"_links":{"self":[{"href":"https:\/\/maardurk.ee\/ru\/wp-json\/wp\/v2\/pages\/270"}],"collection":[{"href":"https:\/\/maardurk.ee\/ru\/wp-json\/wp\/v2\/pages"}],"about":[{"href":"https:\/\/maardurk.ee\/ru\/wp-json\/wp\/v2\/types\/page"}],"author":[{"embeddable":true,"href":"https:\/\/maardurk.ee\/ru\/wp-json\/wp\/v2\/users\/1"}],"replies":[{"embeddable":true,"href":"https:\/\/maardurk.ee\/ru\/wp-json\/wp\/v2\/comments?post=270"}],"version-history":[{"count":9,"href":"https:\/\/maardurk.ee\/ru\/wp-json\/wp\/v2\/pages\/270\/revisions"}],"predecessor-version":[{"id":2000,"href":"https:\/\/maardurk.ee\/ru\/wp-json\/wp\/v2\/pages\/270\/revisions\/2000"}],"wp:attachment":[{"href":"https:\/\/maardurk.ee\/ru\/wp-json\/wp\/v2\/media?parent=270"}],"curies":[{"name":"wp","href":"https:\/\/api.w.org\/{rel}","templated":true}]}}