{"id":229,"date":"2015-06-06T08:59:07","date_gmt":"2015-06-06T06:59:07","guid":{"rendered":"http:\/\/maardurk.ee\/?page_id=229"},"modified":"2015-06-06T10:42:38","modified_gmt":"2015-06-06T08:42:38","slug":"tables","status":"publish","type":"page","link":"https:\/\/maardurk.ee\/ru\/tables\/","title":{"rendered":"tables"},"content":{"rendered":"<table style=\"width: 60%;\">\n<tbody>\n<tr>\n<th><\/th>\n<\/tr>\n<tr>\n<td>Teenindatavate arv<\/td>\n<td>16062<\/td>\n<\/tr>\n<tr>\n<td>Kasutajate arv<\/td>\n<td>4007<\/td>\n<\/tr>\n<tr>\n<td>\u00a0 sh. laste arv (kuni 16a)<\/td>\n<td>560<\/td>\n<\/tr>\n<tr>\n<td>K\u00fclastuste arv<\/td>\n<td>73027<\/td>\n<\/tr>\n<tr>\n<td>Kojulaenutuste arv<\/td>\n<td>145611<\/td>\n<\/tr>\n<tr>\n<td>\u00a0 sh. lastele<\/td>\n<td>10838<\/td>\n<\/tr>\n<tr>\n<td>\u00a0\u00a0 \u00a0sh. ajalehed ja ajakirjad<\/td>\n<td>30703<\/td>\n<\/tr>\n<tr>\n<td>\u00dcrituste arv<\/td>\n<td>105<\/td>\n<\/tr>\n<tr>\n<td>\u00dcritustel osalenute arv<\/td>\n<td>2788<\/td>\n<\/tr>\n<tr>\n<td>Kasutajatek\u00e4sutuses olevate arvutit\u00f6\u00f6kohtade arv<\/td>\n<td>7<\/td>\n<\/tr>\n<tr>\n<td>Individuaalkoolituste arv internetipunktis<\/td>\n<td>186<\/td>\n<\/tr>\n<tr>\n<td>R\u00fchmakoolitusel osalenute arv internetipunktis<\/td>\n<td>2625<\/td>\n<\/tr>\n<tr>\n<td>Raamatud (eks.)<\/td>\n<td>77145<\/td>\n<\/tr>\n<tr>\n<td>Ajakirjad (eks.)<\/td>\n<td>41<\/td>\n<\/tr>\n<tr>\n<td>Raamatud (eks.)<\/td>\n<td>77145<\/td>\n<\/tr>\n<tr>\n<td>Ajalehed (eks.)<\/td>\n<td>15<\/td>\n<\/tr>\n<tr>\n<td>Auvised<\/td>\n<td>47<\/td>\n<\/tr>\n<\/tbody>\n<\/table>\n","protected":false},"excerpt":{"rendered":"<p>Teenindatavate arv 16062 Kasutajate arv 4007 \u00a0 sh. laste arv (kuni 16a) 560 K\u00fclastuste arv 73027 Kojulaenutuste arv 145611 \u00a0 sh. lastele 10838 \u00a0\u00a0 \u00a0sh. ajalehed ja ajakirjad 30703 \u00dcrituste arv 105 \u00dcritustel osalenute arv 2788 Kasutajatek\u00e4sutuses olevate arvutit\u00f6\u00f6kohtade arv 7 Individuaalkoolituste arv internetipunktis 186 R\u00fchmakoolitusel osalenute arv internetipunktis 2625 Raamatud (eks.) 77145 Ajakirjad (eks.) [&hellip;]<\/p>\n","protected":false},"author":1,"featured_media":0,"parent":0,"menu_order":0,"comment_status":"open","ping_status":"open","template":"","meta":{"footnotes":""},"translation":{"provider":"WPGlobus","version":"3.0.0","language":"ru","enabled_languages":["et","ru"],"languages":{"et":{"title":true,"content":true,"excerpt":false},"ru":{"title":false,"content":false,"excerpt":false}}},"_links":{"self":[{"href":"https:\/\/maardurk.ee\/ru\/wp-json\/wp\/v2\/pages\/229"}],"collection":[{"href":"https:\/\/maardurk.ee\/ru\/wp-json\/wp\/v2\/pages"}],"about":[{"href":"https:\/\/maardurk.ee\/ru\/wp-json\/wp\/v2\/types\/page"}],"author":[{"embeddable":true,"href":"https:\/\/maardurk.ee\/ru\/wp-json\/wp\/v2\/users\/1"}],"replies":[{"embeddable":true,"href":"https:\/\/maardurk.ee\/ru\/wp-json\/wp\/v2\/comments?post=229"}],"version-history":[{"count":9,"href":"https:\/\/maardurk.ee\/ru\/wp-json\/wp\/v2\/pages\/229\/revisions"}],"predecessor-version":[{"id":245,"href":"https:\/\/maardurk.ee\/ru\/wp-json\/wp\/v2\/pages\/229\/revisions\/245"}],"wp:attachment":[{"href":"https:\/\/maardurk.ee\/ru\/wp-json\/wp\/v2\/media?parent=229"}],"curies":[{"name":"wp","href":"https:\/\/api.w.org\/{rel}","templated":true}]}}